{"id":2253,"date":"2017-12-16T14:12:43","date_gmt":"2017-12-16T14:12:43","guid":{"rendered":"https:\/\/www.dr-raab.com\/?page_id=2253"},"modified":"2021-06-08T08:02:02","modified_gmt":"2021-06-08T07:02:02","slug":"dr-med-n-raab","status":"publish","type":"page","link":"https:\/\/www.dr-raab.com\/en\/dr-med-n-raab\/","title":{"rendered":"Dr. med. N. Raab"},"content":{"rendered":"<div>\n<div class=\"top-padding-0\"><\/div>\n<\/div>\n<p><img decoding=\"async\" src=\"\/wp-content\/uploads\/dr-raab-logo_klingel.png\" alt=\"Dr. med. Nikolaus Raab M\u00fcnchen - Founder of the practice and senior physician\"><\/p>\n<div>\n<div class=\"mobile-slogan\">\n<h2>About Dr. Raab <\/h2>\n<\/div>\n<\/div>\n<div>\n<h1 class=\"uk-h2\">Dr. med. Nikolaus Raab | Aesthetic plastic surgery<\/h1>\n<h2 class=\"uk-h3\">Founder of the practice and senior physician<\/h2>\n<p>Medical studies at Heidelberg Ruprecht Karls University and Zurich University, as well as study visits with Prof. Dr. G. Lemperle in the Department of Plastic surgery at UCSD San Diego.<\/p>\n<p>Plastic surgical specialist training at the Zurich University Clinic, at the BG Clinic Ludwigshafen as a department of the University Clinic Heidelberg, as well as at the Bogenhaus Clinical Center as a teaching hospital of TU Munich.<\/p>\n<p>Specializing in cosmetic surgery and in specialist face and breast surgery, with long-standing collaborative work in various national and international private clinics (Frankfurt \/ Munich \/ Berne).<\/p>\n<\/div>\n<div>\n<div class=\"bottom-padding-70\"><\/div>\n<\/div>\n<ul>\n<li>\n<div>\n<h2 class=\"uk-h3\">Publications and teaching activity<\/h2>\n<p>Toxic epidermal necrolysis \u2013 An increasing challenge for burn-injury centers<br \/>\non the occasion of the 23<sup>rd<\/sup> Annual Convention of the German-speaking Joint Venture for Burns Treatment Damuels 2005<\/p>\n<p>The role of the free microvascular inguinal folds in reconstructive micro-surgery<br \/>\nAnnual Convention of the German-speaking Joint Venture for Microsurgery, Innsbruck 2008<\/p>\n<p>Cosmetic scar correction through the employment of free inguinal plastic<br \/>\nStuttgart DGPRAEC 2009<\/p>\n<p>What\u2019s new in surgery 2005 (Thieme)<br \/>\nBook contribution on the subject of burn-injury medicine<\/p>\n<p>Vacuum therapy, current status of basic research,<br \/>\nHolle G, K Riedel, H Gregory v, Gazyakan E, Raab N, Germann G<br \/>\nAccident surgeon 2007; 110:490-504<br \/>\nClinic for manual, plastic and reconstructive surgery,<br \/>\nSevere burn-injuries center, clinic for plastic and<br \/>\nhand surgery at Heidelberg University, Ludwigshafen<\/p>\n<p>The employment of the balloon disector in expander surgery:<br \/>\nTen years experience in plastic and reconstructive surgery   <br \/>\nOestreich K, Fl\u00fcgel A, Raab N, Germann G, Jester A<br \/>\nHandchir Mikrochir Plast Chir 2006; 38: 240-245<br \/>\nClinic for manual, plastic and reconstructive surgery,<br \/>\nSevere burn-injuries center, clinic for plastic and<br \/>\nmanual surgery at Heidelberg University, Ludwigshafen<\/p>\n<p>Inter-individual variability of the SIEA Angiosome: effects of operative strategies in breast reconstruction<br \/>\n<strong>Raab N<\/strong>, Holm C, Mayr, Ninkovic M<br \/>\nPlastic Reconstr Surg. 2008 Dec; 122(6)1612-20<br \/>\nFree superficial inferior epigastric artery flap for aesthetic correction of mild pectus excavatum<\/p>\n<\/div>\n<\/li>\n<li>\n<div>\n<div class=\"top-padding-40\"><\/div>\n<p><strong>Raab N<\/strong>, Muehlbauer C, Ninkovic M<br \/>\nPlastic Reconstr Surg. 2009 Jun; 123(6):209e-11<\/p>\n<p>Mammaaugmentation State of the art (Euro-silicone meeting 10\/ 2014)<br \/>\nLecture with Live Operations, Nuerburgring<\/p>\n<p><strong>Masterclass<\/strong><br \/>\nSurvey-measurement and operation workshop in breast aesthetics<br \/>\nAllergan Medical Academy<br \/>\nConsulting and lecturing activity<br \/>\nFrom 2015<\/p>\n<p><strong>Practice:<\/strong><br \/>\nSubsidiary and foundation of the Aestheticums Stachus 2012.<\/p>\n<p>Foundation of the private practice for Plastic Surgery in Munich 2013.<\/p>\n<p>After his specialist training, Dr. med. Raab received a scholarship issued by the European Association for Plastic Surgery (EURAPS\/DAFPRS) for aesthetic eye surgery. Within the framework of this distinction, he cooperated in London with the most renowned specialists in England.<\/p>\n<p><strong>Membership:<\/strong><br \/>\nFull member of the German Society for Plastic, Reconstructive and Cosmetic Surgery<br \/>\nFull Member of the German Society for Surgery<br \/>\nMember of the German Society for Senology<br \/>\nMember of the international Society for Aesthetic-Plastic Surgery (ISAPS)<\/p>\n<p>\n<img decoding=\"async\" src=\"\/wp-content\/uploads\/dr-nikolaus-raab-muenchen-mitgliedschaften.png\" class=\"el-image\" alt=\"Dr. med. Nikolaus Raab - Memberships\"><\/div>\n<\/li>\n<\/ul>\n<div>\n<div class=\"bottom-padding-5\"><\/div>\n<\/div>\n<p><img decoding=\"async\" src=\"\/wp-content\/uploads\/praxis-dr-raab-brustvergroesserung-muenchen-mit-b-lite-leichtimplantaten.jpg\" alt=\"Practice Dr. Raab Munich - Publications and teaching activity\"><\/p>\n<div>\n<div class=\"top-padding-45 von-interesse\">\n<h5>Get in touch with me and my team:<\/h5>\n<p><a uk-toggle=\"target: #offcanvas-flip-pages\" class=\"el-link uk-button uk-button-primary\"  title=\"Make an appointment\" uk-tooltip=\"pos: bottom-right\">\u2192  Make an appointment<\/a>\n<\/div>\n<\/div>\n<div>\n<div id=\"contact-round\">\n<div id=\"contact-round-animation\" class=\" contact-pulse\">\n<a title=\"Dr. Nikolaus Raab - Aesthetic Surgery Munich - Contact\" uk-toggle=\"target: #offcanvas-flip-pages\"><br \/>\n<img decoding=\"async\" src=\"\/wp-content\/uploads\/aesthetic-beauty-surgeon-munich-practice-dr-nikolaus-raab-contact.png\" alt=\"Dr. Nikolaus Raab - Plastic &#038; Beauty Surgeon Munich\"><br \/>\n<\/a>\n<\/div>\n<\/div>\n<\/div>\n<p><!--more--><br \/>\n<!-- {\"name\":\"\",\"type\":\"layout\",\"children\":[{\"name\":\"Hero\",\"type\":\"section\",\"props\":{\"width\":\"default\",\"padding\":\"large\",\"style\":\"muted\",\"media\":\"images\\\/home-header.jpg\",\"height_viewport\":true,\"header_overlay\":\"light\",\"image\":\"wp-content\\\/uploads\\\/dr-med-nikolaus-raab-schoenheitschirurgie-muenchen-praxis-dr-raab.jpg\",\"media_advanced\":true,\"image_size\":\"cover\",\"media_background\":null,\"media_overlay\":null,\"animation\":\"slide-left-medium\",\"header_transparent\":\"dark\",\"image_position\":\"top-right\",\"image_width\":\"1920\",\"vertical_align\":\"middle\",\"title_position\":\"bottom-left\",\"title_rotation\":\"left\",\"title_breakpoint\":\"l\",\"title\":\"\",\"header_transparent_noplaceholder\":true,\"class\":\"header-image\"},\"children\":[{\"name\":\"\",\"type\":\"row\",\"props\":{\"width\":\"expand\",\"margin\":\"remove-vertical\",\"column_gap\":\"collapse\",\"row_gap\":\"collapse\"},\"children\":[{\"name\":\"\",\"type\":\"column\",\"props\":{\"image_position\":\"center-center\",\"text_color\":\"dark\",\"width_medium\":\"1-1\",\"media_overlay_gradient\":\"\"},\"children\":[{\"name\":\"Top Padding 0\",\"type\":\"text\",\"props\":{\"margin\":\"default\",\"column_breakpoint\":\"m\",\"content\":\"\n\n<div class=\\\"top-padding-0\\\"><\\\/div>\"}},{\"name\":\"\",\"type\":\"image\",\"props\":{\"margin\":\"xlarge\",\"image\":\"wp-content\\\/uploads\\\/dr-raab-logo_klingel.png\",\"text_align\":\"left\",\"maxwidth\":\"xlarge\",\"image_box_shadow_bottom\":false,\"image_alt\":\"Dr. med. Nikolaus Raab M\\u00fcnchen - Founder of the practice and senior physician\",\"image_width\":\"400\",\"class\":\"slogan-bg\",\"image_svg_color\":\"emphasis\"}},{\"name\":\"\",\"type\":\"html\",\"props\":{\"content\":\"\n\n<div class=\\\"mobile-slogan\\\">\n\n<h2>About Dr. Raab <\\\/h2><\\\/div>\"}}]}]}]},{\"name\":\"Dr. med. Nikolaus Raab\",\"type\":\"section\",\"props\":{\"style\":\"default\",\"width\":\"default\",\"vertical_align\":\"middle\",\"title_position\":\"top-left\",\"title_rotation\":\"left\",\"title_breakpoint\":\"xl\",\"image_position\":\"center-center\",\"title\":\"Dr. med. Nikolaus Raab\",\"padding_remove_bottom\":true,\"padding_remove_top\":false},\"children\":[{\"name\":\"\",\"type\":\"row\",\"children\":[{\"name\":\"\",\"type\":\"column\",\"props\":{\"image_position\":\"center-center\",\"width_medium\":\"1-1\",\"media_overlay_gradient\":\"\"},\"children\":[{\"name\":\"\",\"type\":\"text\",\"props\":{\"margin\":\"default\",\"column_breakpoint\":\"m\",\"content\":\"\n\n<h1 class=\\\"uk-h2\\\">Dr. med. Nikolaus Raab | Aesthetic plastic surgery<\\\/h1>\\n\n\n<h2 class=\\\"uk-h3\\\">Founder of the practice and senior physician<\\\/h2>\\n\n\n<p>Medical studies at Heidelberg Ruprecht Karls University and Zurich University, as well as study visits with Prof. Dr. G. Lemperle in the Department of Plastic surgery at UCSD San Diego.<\\\/p>\\n\n\n<p>Plastic surgical specialist training at the Zurich University Clinic, at the BG Clinic Ludwigshafen as a department of the University Clinic Heidelberg, as well as at the Bogenhaus Clinical Center as a teaching hospital of TU Munich.<\\\/p>\\n\n\n<p>Specializing in cosmetic surgery and in specialist face and breast surgery, with long-standing collaborative work in various national and international private clinics (Frankfurt \\\/ Munich \\\/ Berne).<\\\/p>\"}},{\"name\":\"Bottom Padding 70\",\"type\":\"text\",\"props\":{\"margin\":\"default\",\"column_breakpoint\":\"m\",\"content\":\"\n\n<div class=\\\"bottom-padding-70\\\"><\\\/div>\"}}]}]}]},{\"name\":\"\",\"type\":\"section\",\"props\":{\"style\":\"muted\",\"width\":\"expand\",\"vertical_align\":\"middle\",\"title_position\":\"top-left\",\"title_rotation\":\"left\",\"title_breakpoint\":\"xl\",\"image_position\":\"top-left\",\"padding\":\"xlarge\",\"image\":\"wp-content\\\/uploads\\\/schraege-1-dr-nikolaus-raab-plastischer-chirurg-muenchen.png\",\"height\":\"expand\",\"image_size\":\"contain\",\"padding_remove_bottom\":true},\"children\":[{\"name\":\"\",\"type\":\"row\",\"children\":[{\"name\":\"\",\"type\":\"column\",\"props\":{\"image_position\":\"center-center\",\"width_medium\":\"1-1\",\"media_overlay_gradient\":\"\"},\"children\":[]}]}]},{\"name\":\" Publications and teaching activity\",\"type\":\"section\",\"props\":{\"style\":\"muted\",\"width\":\"default\",\"vertical_align\":\"middle\",\"title_position\":\"top-left\",\"title_rotation\":\"left\",\"title_breakpoint\":\"xl\",\"image_position\":\"center-right\",\"title\":\" Publications and teaching activity\",\"image\":\"\",\"height\":\"full\",\"padding_remove_top\":true,\"padding_remove_bottom\":true,\"padding\":\"none\"},\"children\":[{\"name\":\"\",\"type\":\"row\",\"children\":[{\"name\":\"\",\"type\":\"column\",\"props\":{\"image_position\":\"center-center\",\"width_medium\":\"1-1\",\"media_overlay_gradient\":\"\"},\"children\":[{\"name\":\"\",\"type\":\"text\",\"props\":{\"margin\":\"default\",\"column_breakpoint\":\"m\",\"content\":\"\"}},{\"name\":\"\",\"type\":\"grid\",\"props\":{\"show_title\":false,\"show_meta\":false,\"show_content\":true,\"show_image\":true,\"show_link\":false,\"grid_default\":\"1\",\"grid_medium\":\"2\",\"title_element\":\"h3\",\"meta_style\":\"meta\",\"meta_align\":\"below-title\",\"image_align\":\"top\",\"image_grid_width\":\"1-2\",\"link_text\":\"Read more\",\"link_style\":\"default\",\"margin\":\"default\",\"grid_small\":\"2\",\"image_grid_breakpoint\":\"m\",\"icon_width\":80,\"filter_style\":\"tab\",\"filter_all\":true,\"filter_position\":\"top\",\"filter_align\":\"left\",\"filter_grid_width\":\"auto\",\"filter_grid_breakpoint\":\"m\",\"title_hover_style\":\"reset\",\"title_align\":\"top\",\"title_grid_width\":\"1-2\",\"title_grid_breakpoint\":\"m\",\"content_column_breakpoint\":\"m\",\"image_svg_color\":\"emphasis\",\"item_animation\":true,\"meta_element\":\"div\"},\"children\":[{\"name\":\"\",\"type\":\"grid_item\",\"props\":{\"content\":\"\n\n<h2 class=\\\"uk-h3\\\">Publications and teaching activity<\\\/h2>\\n\n\n<p>Toxic epidermal necrolysis \\u2013 An increasing challenge for burn-injury centers<br \/>\\non the occasion of the 23<sup>rd<\\\/sup> Annual Convention of the German-speaking Joint Venture for Burns Treatment Damuels 2005<\\\/p>\\n\n\n<p>The role of the free microvascular inguinal folds in reconstructive micro-surgery<br \/>\\nAnnual Convention of the German-speaking Joint Venture for Microsurgery, Innsbruck 2008<\\\/p>\\n\n\n<p>Cosmetic scar correction through the employment of free inguinal plastic<br \/>\\nStuttgart DGPRAEC 2009<\\\/p>\\n\n\n<p>What\\u2019s new in surgery 2005 (Thieme)<br \/>\\nBook contribution on the subject of burn-injury medicine<\\\/p>\\n\n\n<p>Vacuum therapy, current status of basic research,<br \/>\\nHolle G, K Riedel, H Gregory v, Gazyakan E, Raab N, Germann G<br \/>\\nAccident surgeon 2007; 110:490-504<br \/>\\nClinic for manual, plastic and reconstructive surgery,<br \/>\\nSevere burn-injuries center, clinic for plastic and<br \/>\\nhand surgery at Heidelberg University, Ludwigshafen<\\\/p>\\n\n\n<p>The employment of the balloon disector in expander surgery:<br \/>\\nTen years experience in plastic and reconstructive surgery   <br \/>\\nOestreich K, Fl\\u00fcgel A, Raab N, Germann G, Jester A<br \/>\\nHandchir Mikrochir Plast Chir 2006; 38: 240-245<br \/>\\nClinic for manual, plastic and reconstructive surgery,<br \/>\\nSevere burn-injuries center, clinic for plastic and<br \/>\\nmanual surgery at Heidelberg University, Ludwigshafen<\\\/p>\\n\n\n<p>Inter-individual variability of the SIEA Angiosome: effects of operative strategies in breast reconstruction<br \/>\\n<strong>Raab N<\\\/strong>, Holm C, Mayr, Ninkovic M<br \/>\\nPlastic Reconstr Surg. 2008 Dec; 122(6)1612-20<br \/>\\nFree superficial inferior epigastric artery flap for aesthetic correction of mild pectus excavatum<\\\/p>\"}},{\"name\":\"\",\"type\":\"grid_item\",\"props\":{\"content\":\"\n\n<div class=\\\"top-padding-40\\\"><\\\/div>\\n\n\n<p><strong>Raab N<\\\/strong>, Muehlbauer C, Ninkovic M<br \/>\\nPlastic Reconstr Surg. 2009 Jun; 123(6):209e-11<\\\/p>\\n\n\n<p>Mammaaugmentation State of the art (Euro-silicone meeting 10\\\/ 2014)<br \/>\\nLecture with Live Operations, Nuerburgring<\\\/p>\\n\n\n<p><strong>Masterclass<\\\/strong><br \/>\\nSurvey-measurement and operation workshop in breast aesthetics<br \/>\\nAllergan Medical Academy<br \/>\\nConsulting and lecturing activity<br \/>\\nFrom 2015<\\\/p>\\n\n\n<p><strong>Practice:<\\\/strong><br \/>\\nSubsidiary and foundation of the Aestheticums Stachus 2012.<\\\/p>\\n\n\n<p>Foundation of the private practice for Plastic Surgery in Munich 2013.<\\\/p>\\n\n\n<p>After his specialist training, Dr. med. Raab received a scholarship issued by the European Association for Plastic Surgery (EURAPS\\\/DAFPRS) for aesthetic eye surgery. Within the framework of this distinction, he cooperated in London with the most renowned specialists in England.<\\\/p>\\n\n\n<p><strong>Membership:<\\\/strong><br \/>\\nFull member of the German Society for Plastic, Reconstructive and Cosmetic Surgery<br \/>\\nFull Member of the German Society for Surgery<br \/>\\nMember of the German Society for Senology<br \/>\\nMember of the international Society for Aesthetic-Plastic Surgery (ISAPS)<\\\/p>\\n<br \/>\\n<img src=\\\"wp-content\\\/uploads\\\/dr-nikolaus-raab-muenchen-mitgliedschaften.png\\\" class=\\\"el-image\\\" alt=\\\"Dr. med. Nikolaus Raab - Memberships\\\">\",\"image\":\"\"}}]},{\"name\":\"Bottom Padding 5\",\"type\":\"text\",\"props\":{\"margin\":\"default\",\"column_breakpoint\":\"m\",\"content\":\"\n\n<div class=\\\"bottom-padding-5\\\"><\\\/div>\"}},{\"name\":\"\",\"type\":\"image\",\"props\":{\"margin\":\"default\",\"image\":\"wp-content\\\/uploads\\\/praxis-dr-raab-brustvergroesserung-muenchen-mit-b-lite-leichtimplantaten.jpg\",\"text_align\":\"center\",\"image_border\":\"rounded\",\"image_box_shadow_bottom\":true,\"image_alt\":\"Practice Dr. Raab Munich - Publications and teaching activity\",\"image_box_decoration\":\"shadow\",\"image_svg_color\":\"emphasis\"}},{\"name\":\"\",\"type\":\"text\",\"props\":{\"margin\":\"default\",\"column_breakpoint\":\"m\",\"content\":\"\n\n<div class=\\\"top-padding-45 von-interesse\\\">\\n\n\n<h5>Get in touch with me and my team:<\\\/h5>\\n<a uk-toggle=\\\"target: #offcanvas-flip-pages\\\" class=\\\"el-link uk-button uk-button-primary\\\"  title=\\\"Make an appointment\\\" uk-tooltip=\\\"pos: bottom-right\\\">\\u2192  Make an appointment<\\\/a>\\n<\\\/div>\"}}]}]}]},{\"name\":\"\",\"type\":\"section\",\"props\":{\"style\":\"muted\",\"width\":\"expand\",\"vertical_align\":\"middle\",\"title_position\":\"top-left\",\"title_rotation\":\"left\",\"title_breakpoint\":\"xl\",\"image_position\":\"bottom-right\",\"padding\":\"xlarge\",\"image\":\"wp-content\\\/uploads\\\/schraege-2-dr-nikolaus-raab-plastischer-chirurg-muenchen.png\",\"height\":\"expand\",\"image_size\":\"contain\",\"padding_remove_bottom\":true,\"padding_remove_top\":false},\"children\":[{\"name\":\"\",\"type\":\"row\",\"children\":[{\"name\":\"\",\"type\":\"column\",\"props\":{\"image_position\":\"center-center\",\"width_medium\":\"1-1\",\"media_overlay_gradient\":\"\"},\"children\":[{\"name\":\"Schr\\u00e4ge 2\",\"type\":\"text\",\"props\":{\"margin\":\"remove-vertical\",\"column_breakpoint\":\"m\",\"content\":\"\",\"text_align\":\"center\"}},{\"name\":\"\",\"type\":\"html\",\"props\":{\"content\":\"\n\n<div id=\\\"contact-round\\\">\\n\n\n<div id=\\\"contact-round-animation\\\" class=\\\" contact-pulse\\\">\\n<a title=\\\"Dr. Nikolaus Raab - Aesthetic Surgery Munich - Contact\\\" uk-toggle=\\\"target: #offcanvas-flip-pages\\\">\\n<img src=\\\"\\\/wp-content\\\/uploads\\\/aesthetic-beauty-surgeon-munich-practice-dr-nikolaus-raab-contact.png\\\" alt=\\\"Dr. Nikolaus Raab - Plastic & Beauty Surgeon Munich\\\">\\n<\\\/a>\\n<\\\/div>\\n<\\\/div>\"}}]}]}]}],\"version\":\"2.4.17\"} --><\/p>\n","protected":false},"excerpt":{"rendered":"<p>About Dr. Raab Dr. med. Nikolaus Raab | Aesthetic plastic surgery Founder of the practice and senior physician Medical studies at Heidelberg Ruprecht Karls University and Zurich University, as well as study visits with Prof. Dr. G. Lemperle in the Department of Plastic surgery at UCSD San Diego. Plastic surgical specialist training at the Zurich [&hellip;]<\/p>\n","protected":false},"author":1,"featured_media":0,"parent":0,"menu_order":0,"comment_status":"closed","ping_status":"closed","template":"","meta":{"footnotes":""},"class_list":["post-2253","page","type-page","status-publish","hentry"],"yoast_head":"<!-- This site is optimized with the Yoast SEO Premium plugin v25.3.1 (Yoast SEO v27.3) - https:\/\/yoast.com\/product\/yoast-seo-premium-wordpress\/ -->\n<title>Dr. med. N. Raab is a specialist for plastic &amp; aesthetic surgery<\/title>\n<meta name=\"description\" content=\"Private practice of Dr. med. Nikolaus Raab: Your specialist for plastic and aesthetic surgery in Munich.\" \/>\n<meta name=\"robots\" content=\"index, follow, max-snippet:-1, max-image-preview:large, max-video-preview:-1\" \/>\n<link rel=\"canonical\" href=\"https:\/\/www.dr-raab.com\/en\/dr-med-n-raab\/\" \/>\n<meta property=\"og:locale\" content=\"en_US\" \/>\n<meta property=\"og:type\" content=\"article\" \/>\n<meta property=\"og:title\" content=\"Dr. med. N. Raab\" \/>\n<meta property=\"og:description\" content=\"About Dr. Raab Dr. med. Nikolaus Raab | Aesthetic plastic surgery Founder of the practice and senior physician Medical studies at Heidelberg Ruprecht\" \/>\n<meta property=\"og:url\" content=\"https:\/\/www.dr-raab.com\/en\/dr-med-n-raab\/\" \/>\n<meta property=\"og:site_name\" content=\"Privatpraxis Dr. med. Nikolaus Raab | K\u00f6rpergestaltende Chirurgie\" \/>\n<meta property=\"article:publisher\" content=\"https:\/\/www.facebook.com\/dr.raab\/\" \/>\n<meta property=\"article:modified_time\" content=\"2021-06-08T07:02:02+00:00\" \/>\n<meta name=\"twitter:card\" content=\"summary_large_image\" \/>\n<script type=\"application\/ld+json\" class=\"yoast-schema-graph\">{\"@context\":\"https:\\\/\\\/schema.org\",\"@graph\":[{\"@type\":\"WebPage\",\"@id\":\"https:\\\/\\\/www.dr-raab.com\\\/en\\\/dr-med-n-raab\\\/\",\"url\":\"https:\\\/\\\/www.dr-raab.com\\\/en\\\/dr-med-n-raab\\\/\",\"name\":\"Dr. med. N. Raab is a specialist for plastic & aesthetic surgery\",\"isPartOf\":{\"@id\":\"https:\\\/\\\/www.dr-raab.com\\\/#website\"},\"datePublished\":\"2017-12-16T14:12:43+00:00\",\"dateModified\":\"2021-06-08T07:02:02+00:00\",\"description\":\"Private practice of Dr. med. Nikolaus Raab: Your specialist for plastic and aesthetic surgery in Munich.\",\"breadcrumb\":{\"@id\":\"https:\\\/\\\/www.dr-raab.com\\\/en\\\/dr-med-n-raab\\\/#breadcrumb\"},\"inLanguage\":\"en-US\",\"potentialAction\":[{\"@type\":\"ReadAction\",\"target\":[\"https:\\\/\\\/www.dr-raab.com\\\/en\\\/dr-med-n-raab\\\/\"]}]},{\"@type\":\"BreadcrumbList\",\"@id\":\"https:\\\/\\\/www.dr-raab.com\\\/en\\\/dr-med-n-raab\\\/#breadcrumb\",\"itemListElement\":[{\"@type\":\"ListItem\",\"position\":1,\"name\":\"Startseite\",\"item\":\"https:\\\/\\\/www.dr-raab.com\\\/en\\\/plastische-chirurgie-muenchen-willkommen-in-der-praxis-von-dr-med-nikolaus-raab\\\/\"},{\"@type\":\"ListItem\",\"position\":2,\"name\":\"Dr. med. N. Raab\"}]},{\"@type\":\"WebSite\",\"@id\":\"https:\\\/\\\/www.dr-raab.com\\\/#website\",\"url\":\"https:\\\/\\\/www.dr-raab.com\\\/\",\"name\":\"Privatpraxis Dr. med. Nikolaus Raab | K\u00f6rpergestaltende Chirurgie\",\"description\":\"Facharzt f\u00fcr Plastische und \u00c4sthetische Chirurgie\",\"publisher\":{\"@id\":\"https:\\\/\\\/www.dr-raab.com\\\/#organization\"},\"potentialAction\":[{\"@type\":\"SearchAction\",\"target\":{\"@type\":\"EntryPoint\",\"urlTemplate\":\"https:\\\/\\\/www.dr-raab.com\\\/?s={search_term_string}\"},\"query-input\":{\"@type\":\"PropertyValueSpecification\",\"valueRequired\":true,\"valueName\":\"search_term_string\"}}],\"inLanguage\":\"en-US\"},{\"@type\":\"Organization\",\"@id\":\"https:\\\/\\\/www.dr-raab.com\\\/#organization\",\"name\":\"Plastische Chirurgie M\u00fcnchen \u2013 Dr. med. Nikolaus Raab\",\"url\":\"https:\\\/\\\/www.dr-raab.com\\\/\",\"logo\":{\"@type\":\"ImageObject\",\"inLanguage\":\"en-US\",\"@id\":\"https:\\\/\\\/www.dr-raab.com\\\/#\\\/schema\\\/logo\\\/image\\\/\",\"url\":\"https:\\\/\\\/www.dr-raab.com\\\/wp-content\\\/uploads\\\/praxis-dr-med-nikolaus-raab-plastische-chirurgie-muenchen.png\",\"contentUrl\":\"https:\\\/\\\/www.dr-raab.com\\\/wp-content\\\/uploads\\\/praxis-dr-med-nikolaus-raab-plastische-chirurgie-muenchen.png\",\"width\":622,\"height\":85,\"caption\":\"Plastische Chirurgie M\u00fcnchen \u2013 Dr. med. Nikolaus Raab\"},\"image\":{\"@id\":\"https:\\\/\\\/www.dr-raab.com\\\/#\\\/schema\\\/logo\\\/image\\\/\"},\"sameAs\":[\"https:\\\/\\\/www.facebook.com\\\/dr.raab\\\/\",\"https:\\\/\\\/www.instagram.com\\\/dr.nikolausraab\\\/\",\"https:\\\/\\\/www.youtube.com\\\/channel\\\/UCiOGC4ubHSEw07f8dezGpKw\"]}]}<\/script>\n<!-- \/ Yoast SEO Premium plugin. -->","yoast_head_json":{"title":"Dr. med. N. Raab is a specialist for plastic & aesthetic surgery","description":"Private practice of Dr. med. Nikolaus Raab: Your specialist for plastic and aesthetic surgery in Munich.","robots":{"index":"index","follow":"follow","max-snippet":"max-snippet:-1","max-image-preview":"max-image-preview:large","max-video-preview":"max-video-preview:-1"},"canonical":"https:\/\/www.dr-raab.com\/en\/dr-med-n-raab\/","og_locale":"en_US","og_type":"article","og_title":"Dr. med. N. Raab","og_description":"About Dr. Raab Dr. med. Nikolaus Raab | Aesthetic plastic surgery Founder of the practice and senior physician Medical studies at Heidelberg Ruprecht","og_url":"https:\/\/www.dr-raab.com\/en\/dr-med-n-raab\/","og_site_name":"Privatpraxis Dr. med. Nikolaus Raab | K\u00f6rpergestaltende Chirurgie","article_publisher":"https:\/\/www.facebook.com\/dr.raab\/","article_modified_time":"2021-06-08T07:02:02+00:00","twitter_card":"summary_large_image","schema":{"@context":"https:\/\/schema.org","@graph":[{"@type":"WebPage","@id":"https:\/\/www.dr-raab.com\/en\/dr-med-n-raab\/","url":"https:\/\/www.dr-raab.com\/en\/dr-med-n-raab\/","name":"Dr. med. N. Raab is a specialist for plastic & aesthetic surgery","isPartOf":{"@id":"https:\/\/www.dr-raab.com\/#website"},"datePublished":"2017-12-16T14:12:43+00:00","dateModified":"2021-06-08T07:02:02+00:00","description":"Private practice of Dr. med. Nikolaus Raab: Your specialist for plastic and aesthetic surgery in Munich.","breadcrumb":{"@id":"https:\/\/www.dr-raab.com\/en\/dr-med-n-raab\/#breadcrumb"},"inLanguage":"en-US","potentialAction":[{"@type":"ReadAction","target":["https:\/\/www.dr-raab.com\/en\/dr-med-n-raab\/"]}]},{"@type":"BreadcrumbList","@id":"https:\/\/www.dr-raab.com\/en\/dr-med-n-raab\/#breadcrumb","itemListElement":[{"@type":"ListItem","position":1,"name":"Startseite","item":"https:\/\/www.dr-raab.com\/en\/plastische-chirurgie-muenchen-willkommen-in-der-praxis-von-dr-med-nikolaus-raab\/"},{"@type":"ListItem","position":2,"name":"Dr. med. N. Raab"}]},{"@type":"WebSite","@id":"https:\/\/www.dr-raab.com\/#website","url":"https:\/\/www.dr-raab.com\/","name":"Privatpraxis Dr. med. Nikolaus Raab | K\u00f6rpergestaltende Chirurgie","description":"Facharzt f\u00fcr Plastische und \u00c4sthetische Chirurgie","publisher":{"@id":"https:\/\/www.dr-raab.com\/#organization"},"potentialAction":[{"@type":"SearchAction","target":{"@type":"EntryPoint","urlTemplate":"https:\/\/www.dr-raab.com\/?s={search_term_string}"},"query-input":{"@type":"PropertyValueSpecification","valueRequired":true,"valueName":"search_term_string"}}],"inLanguage":"en-US"},{"@type":"Organization","@id":"https:\/\/www.dr-raab.com\/#organization","name":"Plastische Chirurgie M\u00fcnchen \u2013 Dr. med. Nikolaus Raab","url":"https:\/\/www.dr-raab.com\/","logo":{"@type":"ImageObject","inLanguage":"en-US","@id":"https:\/\/www.dr-raab.com\/#\/schema\/logo\/image\/","url":"https:\/\/www.dr-raab.com\/wp-content\/uploads\/praxis-dr-med-nikolaus-raab-plastische-chirurgie-muenchen.png","contentUrl":"https:\/\/www.dr-raab.com\/wp-content\/uploads\/praxis-dr-med-nikolaus-raab-plastische-chirurgie-muenchen.png","width":622,"height":85,"caption":"Plastische Chirurgie M\u00fcnchen \u2013 Dr. med. Nikolaus Raab"},"image":{"@id":"https:\/\/www.dr-raab.com\/#\/schema\/logo\/image\/"},"sameAs":["https:\/\/www.facebook.com\/dr.raab\/","https:\/\/www.instagram.com\/dr.nikolausraab\/","https:\/\/www.youtube.com\/channel\/UCiOGC4ubHSEw07f8dezGpKw"]}]}},"_links":{"self":[{"href":"https:\/\/www.dr-raab.com\/en\/wp-json\/wp\/v2\/pages\/2253","targetHints":{"allow":["GET"]}}],"collection":[{"href":"https:\/\/www.dr-raab.com\/en\/wp-json\/wp\/v2\/pages"}],"about":[{"href":"https:\/\/www.dr-raab.com\/en\/wp-json\/wp\/v2\/types\/page"}],"author":[{"embeddable":true,"href":"https:\/\/www.dr-raab.com\/en\/wp-json\/wp\/v2\/users\/1"}],"replies":[{"embeddable":true,"href":"https:\/\/www.dr-raab.com\/en\/wp-json\/wp\/v2\/comments?post=2253"}],"version-history":[{"count":0,"href":"https:\/\/www.dr-raab.com\/en\/wp-json\/wp\/v2\/pages\/2253\/revisions"}],"wp:attachment":[{"href":"https:\/\/www.dr-raab.com\/en\/wp-json\/wp\/v2\/media?parent=2253"}],"curies":[{"name":"wp","href":"https:\/\/api.w.org\/{rel}","templated":true}]}}